{"id":1459,"date":"2018-05-22T15:25:37","date_gmt":"2018-05-22T18:25:37","guid":{"rendered":"https:\/\/tvnovelas.com.br\/page2\/arquivo\/?page_id=1459"},"modified":"2022-11-06T15:14:44","modified_gmt":"2022-11-06T18:14:44","slug":"todos-os-posts","status":"publish","type":"page","link":"https:\/\/tvnovelas.com.br\/page2\/arquivo\/","title":{"rendered":"P\u00e1gina 1"},"content":{"rendered":"<div class=\"pt-cv-wrapper\"><div class=\"pt-cv-view pt-cv-grid pt-cv-colsys\" id=\"pt-cv-view-7fbcef3iet\"><div data-id=\"pt-cv-page-1\" class=\"pt-cv-page\" data-cvc=\"2\"><div class=\"col-md-6 col-sm-6 col-xs-12 pt-cv-content-item pt-cv-1-col\" ><div class='pt-cv-ifield'><a href=\"https:\/\/tvnovelas.com.br\/page2\/arquivo\/domenica-montero-abandonada-e-ferida\/\" class=\"_self pt-cv-href-thumbnail pt-cv-thumb-default\" target=\"_self\" ><img loading=\"lazy\" decoding=\"async\" width=\"728\" height=\"410\" src=\"https:\/\/tvnovelas.com.br\/page2\/arquivo\/wp-content\/uploads\/2026\/03\/13009a.jpg\" class=\"pt-cv-thumbnail\" alt=\"Foto em &#039;Domenica Montero&#039;: abandonada e ferida\" srcset=\"https:\/\/tvnovelas.com.br\/page2\/arquivo\/wp-content\/uploads\/2026\/03\/13009a.jpg 728w, https:\/\/tvnovelas.com.br\/page2\/arquivo\/wp-content\/uploads\/2026\/03\/13009a-600x338.jpg 600w\" sizes=\"auto, (max-width: 728px) 100vw, 728px\" \/><\/a>\n<h4 class=\"pt-cv-title\"><a href=\"https:\/\/tvnovelas.com.br\/page2\/arquivo\/domenica-montero-abandonada-e-ferida\/\" class=\"_self\" target=\"_self\" >&#8216;Domenica Montero&#8217;: abandonada e ferida<\/a><\/h4><\/div><\/div>\n<div class=\"col-md-6 col-sm-6 col-xs-12 pt-cv-content-item pt-cv-1-col\" ><div class='pt-cv-ifield'><a href=\"https:\/\/tvnovelas.com.br\/page2\/arquivo\/a-nobreza-do-amor-a-conexao-brasil-africa\/\" class=\"_self pt-cv-href-thumbnail pt-cv-thumb-default\" target=\"_self\" ><img loading=\"lazy\" decoding=\"async\" width=\"728\" height=\"410\" src=\"https:\/\/tvnovelas.com.br\/page2\/arquivo\/wp-content\/uploads\/2026\/03\/12976.jpg\" class=\"pt-cv-thumbnail\" alt=\"Foto em A Nobreza do Amor: A conex\u00e3o Brasil-\u00c1frica\" srcset=\"https:\/\/tvnovelas.com.br\/page2\/arquivo\/wp-content\/uploads\/2026\/03\/12976.jpg 728w, https:\/\/tvnovelas.com.br\/page2\/arquivo\/wp-content\/uploads\/2026\/03\/12976-600x338.jpg 600w\" sizes=\"auto, (max-width: 728px) 100vw, 728px\" \/><\/a>\n<h4 class=\"pt-cv-title\"><a href=\"https:\/\/tvnovelas.com.br\/page2\/arquivo\/a-nobreza-do-amor-a-conexao-brasil-africa\/\" class=\"_self\" target=\"_self\" >A Nobreza do Amor: A conex\u00e3o Brasil-\u00c1frica<\/a><\/h4><\/div><\/div>\n<div class=\"col-md-6 col-sm-6 col-xs-12 pt-cv-content-item pt-cv-1-col\" ><div class='pt-cv-ifield'><a href=\"https:\/\/tvnovelas.com.br\/page2\/arquivo\/guerra-das-rosas-a-menina-rica-a-menina-pobre-e-um-abismo\/\" class=\"_self pt-cv-href-thumbnail pt-cv-thumb-default\" target=\"_self\" ><img loading=\"lazy\" decoding=\"async\" width=\"728\" height=\"450\" src=\"https:\/\/tvnovelas.com.br\/page2\/arquivo\/wp-content\/uploads\/2026\/03\/12961.jpg\" class=\"pt-cv-thumbnail\" alt=\"Foto em Guerra das Rosas: A menina rica, a menina pobre e um abismo\" srcset=\"https:\/\/tvnovelas.com.br\/page2\/arquivo\/wp-content\/uploads\/2026\/03\/12961.jpg 728w, https:\/\/tvnovelas.com.br\/page2\/arquivo\/wp-content\/uploads\/2026\/03\/12961-600x371.jpg 600w\" sizes=\"auto, (max-width: 728px) 100vw, 728px\" \/><\/a>\n<h4 class=\"pt-cv-title\"><a href=\"https:\/\/tvnovelas.com.br\/page2\/arquivo\/guerra-das-rosas-a-menina-rica-a-menina-pobre-e-um-abismo\/\" class=\"_self\" target=\"_self\" >Guerra das Rosas: A menina rica, a menina pobre e o poder<\/a><\/h4><\/div><\/div>\n<div class=\"col-md-6 col-sm-6 col-xs-12 pt-cv-content-item pt-cv-1-col\" ><div class='pt-cv-ifield'><a href=\"https:\/\/tvnovelas.com.br\/page2\/arquivo\/coracao-de-mae-amar-perder-lutar-e-continuar-acreditando\/\" class=\"_self pt-cv-href-thumbnail pt-cv-thumb-default\" target=\"_self\" ><img loading=\"lazy\" decoding=\"async\" width=\"728\" height=\"410\" src=\"https:\/\/tvnovelas.com.br\/page2\/arquivo\/wp-content\/uploads\/2026\/02\/12821.jpg\" class=\"pt-cv-thumbnail\" alt=\"Foto em Cora\u00e7\u00e3o de M\u00e3e: amar, perder, lutar e continuar acreditando\" srcset=\"https:\/\/tvnovelas.com.br\/page2\/arquivo\/wp-content\/uploads\/2026\/02\/12821.jpg 728w, https:\/\/tvnovelas.com.br\/page2\/arquivo\/wp-content\/uploads\/2026\/02\/12821-600x338.jpg 600w\" sizes=\"auto, (max-width: 728px) 100vw, 728px\" \/><\/a>\n<h4 class=\"pt-cv-title\"><a href=\"https:\/\/tvnovelas.com.br\/page2\/arquivo\/coracao-de-mae-amar-perder-lutar-e-continuar-acreditando\/\" class=\"_self\" target=\"_self\" >Cora\u00e7\u00e3o de M\u00e3e: amar, perder, lutar e continuar acreditando<\/a><\/h4><\/div><\/div>\n<div class=\"col-md-6 col-sm-6 col-xs-12 pt-cv-content-item pt-cv-1-col\" ><div class='pt-cv-ifield'><a href=\"https:\/\/tvnovelas.com.br\/page2\/arquivo\/chamas-do-destino-tres-mulheres-cujas-historias-se-cruzam\/\" class=\"_self pt-cv-href-thumbnail pt-cv-thumb-default\" target=\"_self\" ><img loading=\"lazy\" decoding=\"async\" width=\"728\" height=\"410\" src=\"https:\/\/tvnovelas.com.br\/page2\/arquivo\/wp-content\/uploads\/2025\/12\/12662.jpg\" class=\"pt-cv-thumbnail\" alt=\"Foto em Chamas do Destino: Tr\u00eas mulheres cujas hist\u00f3rias se cruzam\" srcset=\"https:\/\/tvnovelas.com.br\/page2\/arquivo\/wp-content\/uploads\/2025\/12\/12662.jpg 728w, https:\/\/tvnovelas.com.br\/page2\/arquivo\/wp-content\/uploads\/2025\/12\/12662-600x338.jpg 600w\" sizes=\"auto, (max-width: 728px) 100vw, 728px\" \/><\/a>\n<h4 class=\"pt-cv-title\"><a href=\"https:\/\/tvnovelas.com.br\/page2\/arquivo\/chamas-do-destino-tres-mulheres-cujas-historias-se-cruzam\/\" class=\"_self\" target=\"_self\" >Chamas do Destino: Tr\u00eas mulheres cujas hist\u00f3rias se cruzam<\/a><\/h4><\/div><\/div>\n<div class=\"col-md-6 col-sm-6 col-xs-12 pt-cv-content-item pt-cv-1-col\" ><div class='pt-cv-ifield'><a href=\"https:\/\/tvnovelas.com.br\/page2\/arquivo\/mae-resgatando-uma-crianca-da-violencia\/\" class=\"_self pt-cv-href-thumbnail pt-cv-thumb-default\" target=\"_self\" ><img loading=\"lazy\" decoding=\"async\" width=\"726\" height=\"450\" src=\"https:\/\/tvnovelas.com.br\/page2\/arquivo\/wp-content\/uploads\/2025\/10\/12259.jpg\" class=\"pt-cv-thumbnail\" alt=\"Mae\" srcset=\"https:\/\/tvnovelas.com.br\/page2\/arquivo\/wp-content\/uploads\/2025\/10\/12259.jpg 726w, https:\/\/tvnovelas.com.br\/page2\/arquivo\/wp-content\/uploads\/2025\/10\/12259-600x372.jpg 600w\" sizes=\"auto, (max-width: 726px) 100vw, 726px\" \/><\/a>\n<h4 class=\"pt-cv-title\"><a href=\"https:\/\/tvnovelas.com.br\/page2\/arquivo\/mae-resgatando-uma-crianca-da-violencia\/\" class=\"_self\" target=\"_self\" >M\u00e3e: Resgatando uma crian\u00e7a da viol\u00eancia<\/a><\/h4><\/div><\/div>\n<div class=\"col-md-6 col-sm-6 col-xs-12 pt-cv-content-item pt-cv-1-col\" ><div class='pt-cv-ifield'><a href=\"https:\/\/tvnovelas.com.br\/page2\/arquivo\/a-mar-conflitos-tragedia-e-drama-na-historia-de-estrela\/\" class=\"_self pt-cv-href-thumbnail pt-cv-thumb-default\" target=\"_self\" ><img loading=\"lazy\" decoding=\"async\" width=\"728\" height=\"410\" src=\"https:\/\/tvnovelas.com.br\/page2\/arquivo\/wp-content\/uploads\/2025\/10\/12138.jpg\" class=\"pt-cv-thumbnail\" alt=\"Foto em A.Mar: Conflitos, trag\u00e9dia e drama na historia de Estrela\" srcset=\"https:\/\/tvnovelas.com.br\/page2\/arquivo\/wp-content\/uploads\/2025\/10\/12138.jpg 728w, https:\/\/tvnovelas.com.br\/page2\/arquivo\/wp-content\/uploads\/2025\/10\/12138-600x338.jpg 600w, https:\/\/tvnovelas.com.br\/page2\/arquivo\/wp-content\/uploads\/2025\/10\/12138-678x381.jpg 678w\" sizes=\"auto, (max-width: 728px) 100vw, 728px\" \/><\/a>\n<h4 class=\"pt-cv-title\"><a href=\"https:\/\/tvnovelas.com.br\/page2\/arquivo\/a-mar-conflitos-tragedia-e-drama-na-historia-de-estrela\/\" class=\"_self\" target=\"_self\" >A.Mar: Conflitos, trag\u00e9dia e drama na historia de Estrela<\/a><\/h4><\/div><\/div>\n<div class=\"col-md-6 col-sm-6 col-xs-12 pt-cv-content-item pt-cv-1-col\" ><div class='pt-cv-ifield'><a href=\"https:\/\/tvnovelas.com.br\/page2\/arquivo\/cruel-istambul-uma-luta-pela-sobrevivencia\/\" class=\"_self pt-cv-href-thumbnail pt-cv-thumb-default\" target=\"_self\" ><img loading=\"lazy\" decoding=\"async\" width=\"728\" height=\"410\" src=\"https:\/\/tvnovelas.com.br\/page2\/arquivo\/wp-content\/uploads\/2025\/09\/11975.jpg\" class=\"pt-cv-thumbnail\" alt=\"Foto em Cruel Istambul luta pela sobreviv\u00eancia\" srcset=\"https:\/\/tvnovelas.com.br\/page2\/arquivo\/wp-content\/uploads\/2025\/09\/11975.jpg 728w, https:\/\/tvnovelas.com.br\/page2\/arquivo\/wp-content\/uploads\/2025\/09\/11975-600x338.jpg 600w, https:\/\/tvnovelas.com.br\/page2\/arquivo\/wp-content\/uploads\/2025\/09\/11975-678x381.jpg 678w\" sizes=\"auto, (max-width: 728px) 100vw, 728px\" \/><\/a>\n<h4 class=\"pt-cv-title\"><a href=\"https:\/\/tvnovelas.com.br\/page2\/arquivo\/cruel-istambul-uma-luta-pela-sobrevivencia\/\" class=\"_self\" target=\"_self\" >Cruel Istambul: uma luta pela sobreviv\u00eancia<\/a><\/h4><\/div><\/div>\n<div class=\"col-md-6 col-sm-6 col-xs-12 pt-cv-content-item pt-cv-1-col\" ><div class='pt-cv-ifield'><a href=\"https:\/\/tvnovelas.com.br\/page2\/arquivo\/tres-gracas-aluta-para-nao-perder-a-esperanca\/\" class=\"_self pt-cv-href-thumbnail pt-cv-thumb-default\" target=\"_self\" ><img loading=\"lazy\" decoding=\"async\" width=\"728\" height=\"410\" src=\"https:\/\/tvnovelas.com.br\/page2\/arquivo\/wp-content\/uploads\/2025\/08\/11765.jpg\" class=\"pt-cv-thumbnail\" alt=\"Foto em &#039;Tr\u00eas Gra\u00e7as\u2019, aluta para n\u00e3o perder a esperan\u00e7a\" srcset=\"https:\/\/tvnovelas.com.br\/page2\/arquivo\/wp-content\/uploads\/2025\/08\/11765.jpg 728w, https:\/\/tvnovelas.com.br\/page2\/arquivo\/wp-content\/uploads\/2025\/08\/11765-600x338.jpg 600w, https:\/\/tvnovelas.com.br\/page2\/arquivo\/wp-content\/uploads\/2025\/08\/11765-678x381.jpg 678w\" sizes=\"auto, (max-width: 728px) 100vw, 728px\" \/><\/a>\n<h4 class=\"pt-cv-title\"><a href=\"https:\/\/tvnovelas.com.br\/page2\/arquivo\/tres-gracas-aluta-para-nao-perder-a-esperanca\/\" class=\"_self\" target=\"_self\" >&#8216;Tr\u00eas Gra\u00e7as\u2019, a luta para n\u00e3o perder a esperan\u00e7a<\/a><\/h4><\/div><\/div>\n<div class=\"col-md-6 col-sm-6 col-xs-12 pt-cv-content-item pt-cv-1-col\" ><div class='pt-cv-ifield'><a href=\"https:\/\/tvnovelas.com.br\/page2\/arquivo\/as-filhas-da-senhora-garcia-tudo-por-luxo-e-riqueza\/\" class=\"_self pt-cv-href-thumbnail pt-cv-thumb-default\" target=\"_self\" ><img loading=\"lazy\" decoding=\"async\" width=\"728\" height=\"410\" src=\"https:\/\/tvnovelas.com.br\/page2\/arquivo\/wp-content\/uploads\/2025\/07\/11457.jpg\" class=\"pt-cv-thumbnail\" alt=\"Foto em As Filhas da Senhora Garcia\" srcset=\"https:\/\/tvnovelas.com.br\/page2\/arquivo\/wp-content\/uploads\/2025\/07\/11457.jpg 728w, https:\/\/tvnovelas.com.br\/page2\/arquivo\/wp-content\/uploads\/2025\/07\/11457-600x338.jpg 600w, https:\/\/tvnovelas.com.br\/page2\/arquivo\/wp-content\/uploads\/2025\/07\/11457-678x381.jpg 678w\" sizes=\"auto, (max-width: 728px) 100vw, 728px\" \/><\/a>\n<h4 class=\"pt-cv-title\"><a href=\"https:\/\/tvnovelas.com.br\/page2\/arquivo\/as-filhas-da-senhora-garcia-tudo-por-luxo-e-riqueza\/\" class=\"_self\" target=\"_self\" >&#8216;As Filhas da Senhora Garcia&#8217;: Tudo por luxo e riqueza<\/a><\/h4><\/div><\/div><\/div><\/div>\n<div class=\" pt-cv-pagination-wrapper\"><ul class=\"pt-cv-pagination pt-cv-ajax pagination\" data-totalpages=\"31\" data-currentpage=\"1\" data-sid=\"7fbcef3iet\" data-unid=\"\" data-isblock=\"\" data-postid=\"\"><li class=\"active\"><a href=\"#\">1<\/a><\/li>\n\t<li ><a class=\"\" href=\"https:\/\/tvnovelas.com.br\/page2\/arquivo\/wp-json\/wp\/v2\/pages\/1459\/?_page=2\">2<\/a><\/li>\n\t<li ><a class=\"\" href=\"https:\/\/tvnovelas.com.br\/page2\/arquivo\/wp-json\/wp\/v2\/pages\/1459\/?_page=3\">3<\/a><\/li>\n\t<li ><a href=\"#\">&hellip;<\/a><\/li>\n\t<li ><a class=\"\" href=\"https:\/\/tvnovelas.com.br\/page2\/arquivo\/wp-json\/wp\/v2\/pages\/1459\/?_page=31\">31<\/a><\/li>\n\t<li ><a class=\" \" href=\"https:\/\/tvnovelas.com.br\/page2\/arquivo\/wp-json\/wp\/v2\/pages\/1459\/?_page=2\">&rsaquo;<\/a><\/li>\n\t<\/ul><img loading=\"lazy\" decoding=\"async\" width=\"15\" height=\"15\" class=\"pt-cv-spinner\" alt=\"Carregando...;\" src=\"data:image\/gif;base64,R0lGODlhDwAPALMPAMrKygwMDJOTkz09PZWVla+vr3p6euTk5M7OzuXl5TMzMwAAAJmZmWZmZszMzP\/\/\/yH\/C05FVFNDQVBFMi4wAwEAAAAh+QQFCgAPACwAAAAADwAPAAAEQvDJaZaZOIcV8iQK8VRX4iTYoAwZ4iCYoAjZ4RxejhVNoT+mRGP4cyF4Pp0N98sBGIBMEMOotl6YZ3S61Bmbkm4mAgAh+QQFCgAPACwAAAAADQANAAAENPDJSRSZeA418itN8QiK8BiLITVsFiyBBIoYqnoewAD4xPw9iY4XLGYSjkQR4UAUD45DLwIAIfkEBQoADwAsAAAAAA8ACQAABC\/wyVlamTi3nSdgwFNdhEJgTJoNyoB9ISYoQmdjiZPcj7EYCAeCF1gEDo4Dz2eIAAAh+QQFCgAPACwCAAAADQANAAAEM\/DJBxiYeLKdX3IJZT1FU0iIg2RNKx3OkZVnZ98ToRD4MyiDnkAh6BkNC0MvsAj0kMpHBAAh+QQFCgAPACwGAAAACQAPAAAEMDC59KpFDll73HkAA2wVY5KgiK5b0RRoI6MuzG6EQqCDMlSGheEhUAgqgUUAFRySIgAh+QQFCgAPACwCAAIADQANAAAEM\/DJKZNLND\/kkKaHc3xk+QAMYDKsiaqmZCxGVjSFFCxB1vwy2oOgIDxuucxAMTAJFAJNBAAh+QQFCgAPACwAAAYADwAJAAAEMNAs86q1yaWwwv2Ig0jUZx3OYa4XoRAfwADXoAwfo1+CIjyFRuEho60aSNYlOPxEAAAh+QQFCgAPACwAAAIADQANAAAENPA9s4y8+IUVcqaWJ4qEQozSoAzoIyhCK2NFU2SJk0hNnyEOhKR2AzAAj4Pj4GE4W0bkJQIAOw==\" \/><div class=\"clear pt-cv-clear-pagination\"><\/div><\/div><\/div>\n","protected":false},"excerpt":{"rendered":"","protected":false},"author":1,"featured_media":0,"parent":0,"menu_order":0,"comment_status":"closed","ping_status":"closed","template":"","meta":{"_monsterinsights_skip_tracking":false,"_monsterinsights_sitenote_active":false,"_monsterinsights_sitenote_note":"","_monsterinsights_sitenote_category":0,"footnotes":""},"class_list":["post-1459","page","type-page","status-publish","hentry"],"aioseo_notices":[],"jetpack_shortlink":"https:\/\/wp.me\/PfspD2-nx","jetpack-related-posts":[],"jetpack_sharing_enabled":true,"_links":{"self":[{"href":"https:\/\/tvnovelas.com.br\/page2\/arquivo\/wp-json\/wp\/v2\/pages\/1459","targetHints":{"allow":["GET"]}}],"collection":[{"href":"https:\/\/tvnovelas.com.br\/page2\/arquivo\/wp-json\/wp\/v2\/pages"}],"about":[{"href":"https:\/\/tvnovelas.com.br\/page2\/arquivo\/wp-json\/wp\/v2\/types\/page"}],"author":[{"embeddable":true,"href":"https:\/\/tvnovelas.com.br\/page2\/arquivo\/wp-json\/wp\/v2\/users\/1"}],"replies":[{"embeddable":true,"href":"https:\/\/tvnovelas.com.br\/page2\/arquivo\/wp-json\/wp\/v2\/comments?post=1459"}],"version-history":[{"count":4,"href":"https:\/\/tvnovelas.com.br\/page2\/arquivo\/wp-json\/wp\/v2\/pages\/1459\/revisions"}],"predecessor-version":[{"id":3009,"href":"https:\/\/tvnovelas.com.br\/page2\/arquivo\/wp-json\/wp\/v2\/pages\/1459\/revisions\/3009"}],"wp:attachment":[{"href":"https:\/\/tvnovelas.com.br\/page2\/arquivo\/wp-json\/wp\/v2\/media?parent=1459"}],"curies":[{"name":"wp","href":"https:\/\/api.w.org\/{rel}","templated":true}]}}