{"id":34309,"date":"2023-04-30T15:23:53","date_gmt":"2023-04-30T18:23:53","guid":{"rendered":"https:\/\/tvnovelas.com.br\/novelas\/?page_id=34309"},"modified":"2023-05-10T10:19:07","modified_gmt":"2023-05-10T13:19:07","slug":"o-que-vai-rolar-em","status":"publish","type":"page","link":"https:\/\/tvnovelas.com.br\/novelas\/","title":{"rendered":"O que vai rolar em"},"content":{"rendered":"<div class=\"pt-cv-wrapper\"><div class=\"pt-cv-view pt-cv-grid pt-cv-colsys\" id=\"pt-cv-view-ad9d75cl3w\"><div data-id=\"pt-cv-page-1\" class=\"pt-cv-page\" data-cvc=\"1\"><div class=\"col-md-12 col-sm-12 col-xs-12 pt-cv-content-item pt-cv-2-col\" ><div class='pt-cv-ifield'><a href=\"https:\/\/tvnovelas.com.br\/novelas\/resumos-de-tres-gracas\/\" class=\"_self pt-cv-href-thumbnail pt-cv-thumb-left\" target=\"_self\" ><img fetchpriority=\"high\" decoding=\"async\" width=\"300\" height=\"197\" src=\"https:\/\/i0.wp.com\/tvnovelas.com.br\/novelas\/wp-content\/uploads\/2025\/10\/tresgracas_logo.jpg?fit=300%2C197&amp;ssl=1\" class=\"pt-cv-thumbnail pull-left\" alt=\"\" \/><\/a>\n<h4 class=\"pt-cv-title\"><a href=\"https:\/\/tvnovelas.com.br\/novelas\/resumos-de-tres-gracas\/\" class=\"_self\" target=\"_self\" >Resumos de Tr\u00eas Gra\u00e7as de 06 a 18 de abril<\/a><\/h4>\n<div class=\"pt-cv-content\"> ...<br \/><div class=\"pt-cv-rmwrap\"><a href=\"https:\/\/tvnovelas.com.br\/novelas\/resumos-de-tres-gracas\/\" class=\"_self pt-cv-readmore btn btn-success\" target=\"_self\">Leia Mais<\/a><\/div><\/div><\/div><\/div>\n<div class=\"col-md-12 col-sm-12 col-xs-12 pt-cv-content-item pt-cv-2-col\" ><div class='pt-cv-ifield'><a href=\"https:\/\/tvnovelas.com.br\/novelas\/resumos-de-coracao-acelerado\/\" class=\"_self pt-cv-href-thumbnail pt-cv-thumb-left\" target=\"_self\" ><img decoding=\"async\" width=\"300\" height=\"200\" src=\"https:\/\/i0.wp.com\/tvnovelas.com.br\/novelas\/wp-content\/uploads\/2025\/08\/12637.jpg?fit=300%2C200&amp;ssl=1\" class=\"pt-cv-thumbnail pull-left\" alt=\"Foto em Resumos de Cora\u00e7\u00e3o Acelerado\" \/><\/a>\n<h4 class=\"pt-cv-title\"><a href=\"https:\/\/tvnovelas.com.br\/novelas\/resumos-de-coracao-acelerado\/\" class=\"_self\" target=\"_self\" >Resumos de Cora\u00e7\u00e3o Acelerado de 06 a 18 de abril<\/a><\/h4>\n<div class=\"pt-cv-content\"> ...<br \/><div class=\"pt-cv-rmwrap\"><a href=\"https:\/\/tvnovelas.com.br\/novelas\/resumos-de-coracao-acelerado\/\" class=\"_self pt-cv-readmore btn btn-success\" target=\"_self\">Leia Mais<\/a><\/div><\/div><\/div><\/div>\n<div class=\"col-md-12 col-sm-12 col-xs-12 pt-cv-content-item pt-cv-2-col\" ><div class='pt-cv-ifield'><a href=\"https:\/\/tvnovelas.com.br\/novelas\/resumos-de-a-nobreza-do-amor\/\" class=\"_self pt-cv-href-thumbnail pt-cv-thumb-left\" target=\"_self\" ><img decoding=\"async\" width=\"300\" height=\"200\" src=\"https:\/\/i0.wp.com\/tvnovelas.com.br\/novelas\/wp-content\/uploads\/2026\/03\/12977.jpg?fit=300%2C200&amp;ssl=1\" class=\"pt-cv-thumbnail pull-left\" alt=\"Foto de A Nobreza do Amor\" \/><\/a>\n<h4 class=\"pt-cv-title\"><a href=\"https:\/\/tvnovelas.com.br\/novelas\/resumos-de-a-nobreza-do-amor\/\" class=\"_self\" target=\"_self\" >Resumos de A Nobreza do Amor de 06 a 18 de abril<\/a><\/h4>\n<div class=\"pt-cv-content\"> ...<br \/><div class=\"pt-cv-rmwrap\"><a href=\"https:\/\/tvnovelas.com.br\/novelas\/resumos-de-a-nobreza-do-amor\/\" class=\"_self pt-cv-readmore btn btn-success\" target=\"_self\">Leia Mais<\/a><\/div><\/div><\/div><\/div>\n<div class=\"col-md-12 col-sm-12 col-xs-12 pt-cv-content-item pt-cv-2-col\" ><div class='pt-cv-ifield'><a href=\"https:\/\/tvnovelas.com.br\/novelas\/resumos-de-chamas-do-destino\/\" class=\"_self pt-cv-href-thumbnail pt-cv-thumb-left\" target=\"_self\" ><img loading=\"lazy\" decoding=\"async\" width=\"300\" height=\"204\" src=\"https:\/\/i0.wp.com\/tvnovelas.com.br\/novelas\/wp-content\/uploads\/2026\/01\/chamas02a.jpg?fit=300%2C204&amp;ssl=1\" class=\"pt-cv-thumbnail pull-left\" alt=\"Logo de Chamas do Destino\" \/><\/a>\n<h4 class=\"pt-cv-title\"><a href=\"https:\/\/tvnovelas.com.br\/novelas\/resumos-de-chamas-do-destino\/\" class=\"_self\" target=\"_self\" >Resumos de Chamas do Destino de 06 a 10 de abril<\/a><\/h4>\n<div class=\"pt-cv-content\"> ...<br \/><div class=\"pt-cv-rmwrap\"><a href=\"https:\/\/tvnovelas.com.br\/novelas\/resumos-de-chamas-do-destino\/\" class=\"_self pt-cv-readmore btn btn-success\" target=\"_self\">Leia Mais<\/a><\/div><\/div><\/div><\/div>\n<div class=\"col-md-12 col-sm-12 col-xs-12 pt-cv-content-item pt-cv-2-col\" ><div class='pt-cv-ifield'><a href=\"https:\/\/tvnovelas.com.br\/novelas\/resumos-de-coracao-de-mae\/\" class=\"_self pt-cv-href-thumbnail pt-cv-thumb-left\" target=\"_self\" ><img loading=\"lazy\" decoding=\"async\" width=\"300\" height=\"189\" src=\"https:\/\/i0.wp.com\/tvnovelas.com.br\/novelas\/wp-content\/uploads\/2026\/02\/coracaodemae_logo.jpg?fit=300%2C189&amp;ssl=1\" class=\"pt-cv-thumbnail pull-left\" alt=\"\" \/><\/a>\n<h4 class=\"pt-cv-title\"><a href=\"https:\/\/tvnovelas.com.br\/novelas\/resumos-de-coracao-de-mae\/\" class=\"_self\" target=\"_self\" >Resumos de Cora\u00e7\u00e3o de M\u00e3e de 06 a 10\/4<\/a><\/h4>\n<div class=\"pt-cv-content\"> ...<br \/><div class=\"pt-cv-rmwrap\"><a href=\"https:\/\/tvnovelas.com.br\/novelas\/resumos-de-coracao-de-mae\/\" class=\"_self pt-cv-readmore btn btn-success\" target=\"_self\">Leia Mais<\/a><\/div><\/div><\/div><\/div>\n<div class=\"col-md-12 col-sm-12 col-xs-12 pt-cv-content-item pt-cv-2-col\" ><div class='pt-cv-ifield'><a href=\"https:\/\/tvnovelas.com.br\/novelas\/resumos-de-presente-de-amor\/\" class=\"_self pt-cv-href-thumbnail pt-cv-thumb-left\" target=\"_self\" ><img loading=\"lazy\" decoding=\"async\" width=\"300\" height=\"200\" src=\"https:\/\/i0.wp.com\/tvnovelas.com.br\/novelas\/wp-content\/uploads\/2026\/01\/presente.jpg?fit=300%2C200&amp;ssl=1\" class=\"pt-cv-thumbnail pull-left\" alt=\"Logo de Presente de Amor\" \/><\/a>\n<h4 class=\"pt-cv-title\"><a href=\"https:\/\/tvnovelas.com.br\/novelas\/resumos-de-presente-de-amor\/\" class=\"_self\" target=\"_self\" >Resumos de Presente de Amor de 06 a 08 de abril<\/a><\/h4>\n<div class=\"pt-cv-content\"> ...<br \/><div class=\"pt-cv-rmwrap\"><a href=\"https:\/\/tvnovelas.com.br\/novelas\/resumos-de-presente-de-amor\/\" class=\"_self pt-cv-readmore btn btn-success\" target=\"_self\">Leia Mais<\/a><\/div><\/div><\/div><\/div>\n<div class=\"col-md-12 col-sm-12 col-xs-12 pt-cv-content-item pt-cv-2-col\" ><div class='pt-cv-ifield'><a href=\"https:\/\/tvnovelas.com.br\/novelas\/resumos-de-novela-cruel-istambul\/\" class=\"_self pt-cv-href-thumbnail pt-cv-thumb-left\" target=\"_self\" ><img loading=\"lazy\" decoding=\"async\" width=\"300\" height=\"200\" src=\"https:\/\/i0.wp.com\/tvnovelas.com.br\/novelas\/wp-content\/uploads\/2025\/09\/cruelistambul_logo.jpg?fit=300%2C200&amp;ssl=1\" class=\"pt-cv-thumbnail pull-left\" alt=\"\" \/><\/a>\n<h4 class=\"pt-cv-title\"><a href=\"https:\/\/tvnovelas.com.br\/novelas\/resumos-de-novela-cruel-istambul\/\" class=\"_self\" target=\"_self\" >Resumo de novelas: Cruel Istambul de 16 a 20 de mar\u00e7o<\/a><\/h4>\n<div class=\"pt-cv-content\"> ...<br \/><div class=\"pt-cv-rmwrap\"><a href=\"https:\/\/tvnovelas.com.br\/novelas\/resumos-de-novela-cruel-istambul\/\" class=\"_self pt-cv-readmore btn btn-success\" target=\"_self\">Leia Mais<\/a><\/div><\/div><\/div><\/div>\n<div class=\"col-md-12 col-sm-12 col-xs-12 pt-cv-content-item pt-cv-2-col\" ><div class='pt-cv-ifield'><a href=\"https:\/\/tvnovelas.com.br\/novelas\/dona-beja-resumos-de-12-a-13-de-marco\/\" class=\"_self pt-cv-href-thumbnail pt-cv-thumb-left\" target=\"_self\" ><img loading=\"lazy\" decoding=\"async\" width=\"300\" height=\"200\" src=\"https:\/\/i0.wp.com\/tvnovelas.com.br\/novelas\/wp-content\/uploads\/2026\/03\/12954.jpg?fit=300%2C200&amp;ssl=1\" class=\"pt-cv-thumbnail pull-left\" alt=\"Logo de Dona Beja\" \/><\/a>\n<h4 class=\"pt-cv-title\"><a href=\"https:\/\/tvnovelas.com.br\/novelas\/dona-beja-resumos-de-12-a-13-de-marco\/\" class=\"_self\" target=\"_self\" >Resumos de Dona Beja de 09 e 10 de abril<\/a><\/h4>\n<div class=\"pt-cv-content\"> ...<br \/><div class=\"pt-cv-rmwrap\"><a href=\"https:\/\/tvnovelas.com.br\/novelas\/dona-beja-resumos-de-12-a-13-de-marco\/\" class=\"_self pt-cv-readmore btn btn-success\" target=\"_self\">Leia Mais<\/a><\/div><\/div><\/div><\/div>\n<div class=\"col-md-12 col-sm-12 col-xs-12 pt-cv-content-item pt-cv-2-col\" ><div class='pt-cv-ifield'><a href=\"https:\/\/tvnovelas.com.br\/novelas\/resumos-de-eta-mundo-melhor\/\" class=\"_self pt-cv-href-thumbnail pt-cv-thumb-left\" target=\"_self\" ><img loading=\"lazy\" decoding=\"async\" width=\"300\" height=\"200\" src=\"https:\/\/i0.wp.com\/tvnovelas.com.br\/novelas\/wp-content\/uploads\/2025\/06\/etamundomelhor_logo.jpg?fit=300%2C200&amp;ssl=1\" class=\"pt-cv-thumbnail pull-left\" alt=\"Logo de \u00cata Mundo Melhor!\" \/><\/a>\n<h4 class=\"pt-cv-title\"><a href=\"https:\/\/tvnovelas.com.br\/novelas\/resumos-de-eta-mundo-melhor\/\" class=\"_self\" target=\"_self\" >Resumos finais de \u00cata Mundo Melhor!<\/a><\/h4>\n<div class=\"pt-cv-content\"> ...<br \/><div class=\"pt-cv-rmwrap\"><a href=\"https:\/\/tvnovelas.com.br\/novelas\/resumos-de-eta-mundo-melhor\/\" class=\"_self pt-cv-readmore btn btn-success\" target=\"_self\">Leia Mais<\/a><\/div><\/div><\/div><\/div><\/div><\/div><\/div>\n","protected":false},"excerpt":{"rendered":"","protected":false},"author":1,"featured_media":0,"parent":0,"menu_order":2,"comment_status":"closed","ping_status":"closed","template":"","meta":{"footnotes":"","_wp_rev_ctl_limit":""},"class_list":["post-34309","page","type-page","status-publish","hentry"],"aioseo_notices":[],"jetpack_shortlink":"https:\/\/wp.me\/P8dmjy-8Vn","_links":{"self":[{"href":"https:\/\/tvnovelas.com.br\/novelas\/wp-json\/wp\/v2\/pages\/34309","targetHints":{"allow":["GET"]}}],"collection":[{"href":"https:\/\/tvnovelas.com.br\/novelas\/wp-json\/wp\/v2\/pages"}],"about":[{"href":"https:\/\/tvnovelas.com.br\/novelas\/wp-json\/wp\/v2\/types\/page"}],"author":[{"embeddable":true,"href":"https:\/\/tvnovelas.com.br\/novelas\/wp-json\/wp\/v2\/users\/1"}],"replies":[{"embeddable":true,"href":"https:\/\/tvnovelas.com.br\/novelas\/wp-json\/wp\/v2\/comments?post=34309"}],"version-history":[{"count":3,"href":"https:\/\/tvnovelas.com.br\/novelas\/wp-json\/wp\/v2\/pages\/34309\/revisions"}],"predecessor-version":[{"id":34312,"href":"https:\/\/tvnovelas.com.br\/novelas\/wp-json\/wp\/v2\/pages\/34309\/revisions\/34312"}],"wp:attachment":[{"href":"https:\/\/tvnovelas.com.br\/novelas\/wp-json\/wp\/v2\/media?parent=34309"}],"curies":[{"name":"wp","href":"https:\/\/api.w.org\/{rel}","templated":true}]}}