{"id":6,"date":"2017-05-15T11:40:41","date_gmt":"2017-05-15T14:40:41","guid":{"rendered":"https:\/\/tvnovelas.com.br\/filmes\/?page_id=6"},"modified":"2026-04-01T19:49:11","modified_gmt":"2026-04-01T22:49:11","slug":"filmes-na-tv","status":"publish","type":"page","link":"https:\/\/tvnovelas.com.br\/filmes\/","title":{"rendered":"Filmes na TV"},"content":{"rendered":"<p><em>Filmes na TV aberta. Filmes da Globo, Band, SBT, Record<\/em><\/p>\n<h2>Programa\u00e7\u00e3o da Semana de Filmes na TV<\/h2>\n<p style=\"text-align: center;\"><a href=\"https:\/\/tvnovelas.com.br\/filmes\/filmes-na-tv-segunda\/\">Segunda<\/a> &#8211; <a href=\"https:\/\/tvnovelas.com.br\/filmes\/filmes-na-tv-terca\/\">Ter\u00e7a<\/a> &#8211; <a href=\"https:\/\/tvnovelas.com.br\/filmes\/filmes-na-tv-quarta\/\">Quarta<\/a> &#8211; <a href=\"https:\/\/tvnovelas.com.br\/filmes\/filmes-na-tv-quinta\/\">Quinta<\/a> &#8211; <a href=\"https:\/\/tvnovelas.com.br\/filmes\/filmes-na-tv-sexta\/\">Sexta<\/a> &#8211; <a href=\"https:\/\/tvnovelas.com.br\/filmes\/filmes-na-tv-sabado2\/\">S\u00e1bado<\/a> &#8211; <a href=\"https:\/\/tvnovelas.com.br\/filmes\/filmes-na-tv-domingo2\/\">Domingo<\/a><\/p>\n<figure id=\"attachment_20604\" aria-describedby=\"caption-attachment-20604\" style=\"width: 500px\" class=\"wp-caption alignnone\"><a href=\"https:\/\/www.tvnovelas.com.br\/filmes\/\" target=\"_blank\" rel=\"noopener noreferrer\"><img data-recalc-dims=\"1\" fetchpriority=\"high\" decoding=\"async\" class=\"wp-image-20604 size-full\" title=\"Foto ilustrativa em Filmes e S\u00e9ries\" src=\"https:\/\/i0.wp.com\/tvnovelas.com.br\/novelas\/wp-content\/uploads\/2020\/03\/alicenopais.jpg?resize=640%2C360&#038;ssl=1\" alt=\"Foto de Alice no Pa\u00eds das Maravihas, em Filmes na TV\" width=\"640\" height=\"360\" \/><\/a><figcaption id=\"caption-attachment-20604\" class=\"wp-caption-text\">Alice no Pa\u00eds das Maravilhas (<em>Foto ilustrativa de Filmes na TV<\/em>)<\/figcaption><\/figure>\n<h2><a href=\"https:\/\/tvnovelas.com.br\/filmes\/filmes-da-sessao-da-tarde\/\" rel=\"noopener\" target=\"_blank\">Sess\u00e3o da Tarde<\/a><\/h2>\n<div class=\"pt-cv-wrapper\"><div class=\"pt-cv-view pt-cv-grid pt-cv-colsys\" id=\"pt-cv-view-4a2a76c40w\"><div data-id=\"pt-cv-page-1\" class=\"pt-cv-page\" data-cvc=\"1\"><div class=\"col-md-12 col-sm-12 col-xs-12 pt-cv-content-item pt-cv-1-col\" ><div class='pt-cv-ifield'><a href=\"https:\/\/tvnovelas.com.br\/filmes\/filmes-da-sessao-da-tarde\/\" class=\"_self pt-cv-href-thumbnail pt-cv-thumb-default\" target=\"_self\" ><img decoding=\"async\" width=\"640\" height=\"360\" src=\"https:\/\/i0.wp.com\/tvnovelas.com.br\/filmes\/wp-content\/uploads\/2024\/07\/13118.jpg?fit=640%2C360&amp;ssl=1\" class=\"pt-cv-thumbnail\" alt=\"Foto em A Menina Que Acredita em Milagres\" \/><\/a>\n<h4 class=\"pt-cv-title\"><a href=\"https:\/\/tvnovelas.com.br\/filmes\/filmes-da-sessao-da-tarde\/\" class=\"_self\" target=\"_self\" >Filmes da Sess\u00e3o da Tarde da semana 13 a 17 de abril<\/a><\/h4><\/div><\/div><\/div><\/div><\/div>\n<h2><a href=\"https:\/\/tvnovelas.com.br\/filmes\/o-que-chega-na-netflix-na-semana\/\" rel=\"noopener\" target=\"_blank\">Novidades na Netflix<\/a><\/h2>\n<div class=\"pt-cv-wrapper\"><div class=\"pt-cv-view pt-cv-grid pt-cv-colsys\" id=\"pt-cv-view-e4d7a00n2v\"><div data-id=\"pt-cv-page-1\" class=\"pt-cv-page\" data-cvc=\"1\"><div class=\"col-md-12 col-sm-12 col-xs-12 pt-cv-content-item pt-cv-1-col\" ><div class='pt-cv-ifield'><a href=\"https:\/\/tvnovelas.com.br\/filmes\/a-netflix-estreia-live-action-de-cavaleiros-do-zodiaco\/\" class=\"_blank pt-cv-href-thumbnail pt-cv-thumb-default\" target=\"_blank\" ><img decoding=\"async\" width=\"728\" height=\"410\" src=\"https:\/\/i0.wp.com\/tvnovelas.com.br\/filmes\/wp-content\/uploads\/2026\/03\/13042.jpg?fit=728%2C410&amp;ssl=1\" class=\"pt-cv-thumbnail\" alt=\"Foto de A Netflix estreia live-action de Cavaleiros do Zod\u00edaco, em estreia na Netflix\" \/><\/a>\n<h4 class=\"pt-cv-title\"><a href=\"https:\/\/tvnovelas.com.br\/filmes\/a-netflix-estreia-live-action-de-cavaleiros-do-zodiaco\/\" class=\"_blank\" target=\"_blank\" >A Netflix estreia live-action de Cavaleiros do Zod\u00edaco<\/a><\/h4><\/div><\/div><\/div><\/div><\/div>\n<h2><a href=\"https:\/\/tvnovelas.com.br\/filmes\/programacao-de-filmes-na-tv-para-o-fim-de-semana\/\" rel=\"noopener\" target=\"_blank\">Fim de semana<\/a><\/h2>\n<div class=\"pt-cv-wrapper\"><div class=\"pt-cv-view pt-cv-grid pt-cv-colsys\" id=\"pt-cv-view-725982chqe\"><div data-id=\"pt-cv-page-1\" class=\"pt-cv-page\" data-cvc=\"1\"><div class=\"col-md-12 col-sm-12 col-xs-12 pt-cv-content-item pt-cv-1-col\" ><div class='pt-cv-ifield'><a href=\"https:\/\/tvnovelas.com.br\/filmes\/programacao-de-filmes-na-tv-para-o-fim-de-semana\/\" class=\"_self pt-cv-href-thumbnail pt-cv-thumb-default\" target=\"_self\" ><img loading=\"lazy\" decoding=\"async\" width=\"640\" height=\"360\" src=\"https:\/\/i0.wp.com\/tvnovelas.com.br\/filmes\/wp-content\/uploads\/2025\/07\/13139.jpg?fit=640%2C360&amp;ssl=1\" class=\"pt-cv-thumbnail\" alt=\"Foto de Cidade Perdida, em Filmes na TV\" \/><\/a>\n<h4 class=\"pt-cv-title\"><a href=\"https:\/\/tvnovelas.com.br\/filmes\/programacao-de-filmes-na-tv-para-o-fim-de-semana\/\" class=\"_self\" target=\"_self\" >Programa\u00e7\u00e3o de filmes na TV para o fim de semana<\/a><\/h4><\/div><\/div><\/div><\/div><\/div>\n<h2>\u00daltimas not\u00edcias publicadas<\/h2>\n<div class=\"pt-cv-wrapper\"><div class=\"pt-cv-view pt-cv-grid pt-cv-colsys\" id=\"pt-cv-view-88c77f2wft\"><div data-id=\"pt-cv-page-1\" class=\"pt-cv-page\" data-cvc=\"1\"><div class=\"col-md-12 col-sm-12 col-xs-12 pt-cv-content-item pt-cv-1-col\" ><div class='pt-cv-ifield'><h4 class=\"pt-cv-title\"><a href=\"https:\/\/tvnovelas.com.br\/filmes\/temporada-3-de-euphoria-estreia-domingo-dia-12-4-na-hbo-max\/\" class=\"_self\" target=\"_self\" >Temporada 3 de Euphoria estreia domingo, dia 12\/4, na HBO Max<\/a><\/h4><\/div><\/div>\n<div class=\"col-md-12 col-sm-12 col-xs-12 pt-cv-content-item pt-cv-1-col\" ><div class='pt-cv-ifield'><h4 class=\"pt-cv-title\"><a href=\"https:\/\/tvnovelas.com.br\/filmes\/a-netflix-estreia-live-action-de-cavaleiros-do-zodiaco\/\" class=\"_self\" target=\"_self\" >A Netflix estreia live-action de Cavaleiros do Zod\u00edaco<\/a><\/h4><\/div><\/div>\n<div class=\"col-md-12 col-sm-12 col-xs-12 pt-cv-content-item pt-cv-1-col\" ><div class='pt-cv-ifield'><h4 class=\"pt-cv-title\"><a href=\"https:\/\/tvnovelas.com.br\/filmes\/minha-fera-estreia-no-globoplay-neste-sabado-28-de-marco\/\" class=\"_self\" target=\"_self\" >&#8220;Minha Fera&#8221; estreia no Globoplay neste s\u00e1bado, 28 de mar\u00e7o<\/a><\/h4><\/div><\/div>\n<div class=\"col-md-12 col-sm-12 col-xs-12 pt-cv-content-item pt-cv-1-col\" ><div class='pt-cv-ifield'><h4 class=\"pt-cv-title\"><a href=\"https:\/\/tvnovelas.com.br\/filmes\/supergirl-chega-aos-cinemas-em-junho\/\" class=\"_self\" target=\"_self\" >Supergirl chega aos cinemas em junho<\/a><\/h4><\/div><\/div>\n<div class=\"col-md-12 col-sm-12 col-xs-12 pt-cv-content-item pt-cv-1-col\" ><div class='pt-cv-ifield'><h4 class=\"pt-cv-title\"><a href=\"https:\/\/tvnovelas.com.br\/filmes\/serie-os-casos-de-harry-hole-estreia-na-netflix-nesta-quinta-dia-26\/\" class=\"_self\" target=\"_self\" >S\u00e9rie &#8216;Os casos de Harry Hole&#8217; estreia na Netflix nesta quinta, dia 26<\/a><\/h4><\/div><\/div>\n<div class=\"col-md-12 col-sm-12 col-xs-12 pt-cv-content-item pt-cv-1-col\" ><div class='pt-cv-ifield'><h4 class=\"pt-cv-title\"><a href=\"https:\/\/tvnovelas.com.br\/filmes\/chamas-do-destino-cicek-abre-mao-de-fortuna-para-ficar-com-atlas\/\" class=\"_self\" target=\"_self\" >Chamas do Destino:  Cicek abre m\u00e3o de fortuna para ficar com Atlas<\/a><\/h4><\/div><\/div><\/div><\/div><\/div>\n<h2>\u00daltimas not\u00edcias das novelas<\/h2>\n<p><div class=\"wpra-display align\" data-display-id=\"2\" hx-target=\"this\" hx-swap=\"outerHTML\">    <div class=\"wp-rss-aggregator wpra-list-template \">\n        <ul class=\"rss-aggregator wpra-item-list wpra-item-list--bullets wpra-item-list--default\" start=\"1\">\n                <li class=\"wpra-item feed-item \">\n        <a href=\"https:\/\/www.tvnovelas.com.br\/tvnews\/chamas-do-destino-aliancas-abaladas-e-planos-nas-sombras\/\" class=\"\" target=\"_blank\" rel=\"noopener noreferrer nofollow\" style=\"\">Chamas do Destino: Alian\u00e7as abaladas e planos nas sombras<\/a>\n\n        <div class=\"wprss-feed-meta\">\n            \n                <span class=\"time-ago\">\n        Publicado em 6 dias ago\n    <\/span>\n            \n        <\/div>\n\n        \n    <\/li>    <li class=\"wpra-item feed-item \">\n        <a href=\"https:\/\/www.tvnovelas.com.br\/tvnews\/novela-domenica-montero-estreia-no-sbt-nesta-segunda-dia-13\/\" class=\"\" target=\"_blank\" rel=\"noopener noreferrer nofollow\" style=\"\">Novela Dom\u00eanica Montero estreia no SBT nesta segunda, dia 13<\/a>\n\n        <div class=\"wprss-feed-meta\">\n            \n                <span class=\"time-ago\">\n        Publicado em 6 dias ago\n    <\/span>\n            \n        <\/div>\n\n        \n    <\/li>    <li class=\"wpra-item feed-item \">\n        <a href=\"https:\/\/www.tvnovelas.com.br\/tvnews\/em-coracao-de-mae-atilla-arma-uma-farsa-e-decepciona-karsu\/\" class=\"\" target=\"_blank\" rel=\"noopener noreferrer nofollow\" style=\"\">Em Cora\u00e7\u00e3o de M\u00e3e: Atilla arma uma farsa e decepciona Karsu<\/a>\n\n        <div class=\"wprss-feed-meta\">\n            \n                <span class=\"time-ago\">\n        Publicado em 6 dias ago\n    <\/span>\n            \n        <\/div>\n\n        \n    <\/li>    <li class=\"wpra-item feed-item \">\n        <a href=\"https:\/\/www.tvnovelas.com.br\/tvnews\/tres-gracas-arminda-provoca-joaquim-na-prisao\/\" class=\"\" target=\"_blank\" rel=\"noopener noreferrer nofollow\" style=\"\">Tr\u00eas Gra\u00e7as: Arminda provoca Joaquim na pris\u00e3o<\/a>\n\n        <div class=\"wprss-feed-meta\">\n            \n                <span class=\"time-ago\">\n        Publicado em 6 dias ago\n    <\/span>\n            \n        <\/div>\n\n        \n    <\/li>    <li class=\"wpra-item feed-item \">\n        <a href=\"https:\/\/www.tvnovelas.com.br\/tvnews\/em-coracao-de-mae-hasan-pune-mentira-de-atilla\/\" class=\"\" target=\"_blank\" rel=\"noopener noreferrer nofollow\" style=\"\">Em Cora\u00e7\u00e3o de M\u00e3e: Hasan pune Atilla por mentira<\/a>\n\n        <div class=\"wprss-feed-meta\">\n            \n                <span class=\"time-ago\">\n        Publicado em 1 semana ago\n    <\/span>\n            \n        <\/div>\n\n        \n    <\/li>    <li class=\"wpra-item feed-item \">\n        <a href=\"https:\/\/www.tvnovelas.com.br\/tvnews\/chamas-do-destino-cicek-desconfia-de-hulya\/\" class=\"\" target=\"_blank\" rel=\"noopener noreferrer nofollow\" style=\"\">Chamas do Destino: Cicek desconfia de Hulya<\/a>\n\n        <div class=\"wprss-feed-meta\">\n            \n                <span class=\"time-ago\">\n        Publicado em 1 semana ago\n    <\/span>\n            \n        <\/div>\n\n        \n    <\/li>    <li class=\"wpra-item feed-item \">\n        <a href=\"https:\/\/www.tvnovelas.com.br\/tvnews\/a-nobreza-do-amor-alika-e-niara-sao-inocentadas-para-a-furia-de-virginia\/\" class=\"\" target=\"_blank\" rel=\"noopener noreferrer nofollow\" style=\"\">A Nobreza do Amor: Alika e Niara s\u00e3o inocentadas, para a f\u00faria de Virg\u00ednia<\/a>\n\n        <div class=\"wprss-feed-meta\">\n            \n                <span class=\"time-ago\">\n        Publicado em 1 semana ago\n    <\/span>\n            \n        <\/div>\n\n        \n    <\/li>    <li class=\"wpra-item feed-item \">\n        <a href=\"https:\/\/www.tvnovelas.com.br\/tvnews\/tres-gracas-ferette-flagra-quase-beijo-de-arminda-e-joaquim\/\" class=\"\" target=\"_blank\" rel=\"noopener noreferrer nofollow\" style=\"\">Tr\u00eas Gra\u00e7as: Ferette flagra quase beijo de Arminda e Joaquim<\/a>\n\n        <div class=\"wprss-feed-meta\">\n            \n                <span class=\"time-ago\">\n        Publicado em 1 semana ago\n    <\/span>\n            \n        <\/div>\n\n        \n    <\/li>    <li class=\"wpra-item feed-item \">\n        <a href=\"https:\/\/www.tvnovelas.com.br\/tvnews\/os-resumos-de-a-nobreza-do-amor-da-semana-13-a-17-4\/\" class=\"\" target=\"_blank\" rel=\"noopener noreferrer nofollow\" style=\"\">Os resumos de A Nobreza do Amor da semana 13 a 17\/4<\/a>\n\n        <div class=\"wprss-feed-meta\">\n            \n                <span class=\"time-ago\">\n        Publicado em 1 semana ago\n    <\/span>\n            \n        <\/div>\n\n        \n    <\/li>    <li class=\"wpra-item feed-item \">\n        <a href=\"https:\/\/www.tvnovelas.com.br\/tvnews\/o-que-se-passa-em-tres-gracas-na-semana-13-a-17-4\/\" class=\"\" target=\"_blank\" rel=\"noopener noreferrer nofollow\" style=\"\">O que se passa em Tr\u00eas Gra\u00e7as na semana 13 a 17\/4<\/a>\n\n        <div class=\"wprss-feed-meta\">\n            \n                <span class=\"time-ago\">\n        Publicado em 1 semana ago\n    <\/span>\n            \n        <\/div>\n\n        \n    <\/li>\n        <\/ul>\n    <\/div> <\/div><br \/>\n<a href=\"https:\/\/classindportal.mj.gov.br\/consulta-filmes\" target=\"_blank\" rel=\"noopener\">Consulte a classifica\u00e7\u00e3o indicativa dos filmes<\/a><br \/>\n<a href=\"https:\/\/tvnovelas.com.br\/filmes\/filmes-na-tv\/\" target=\"_blank\" rel=\"noopener\">Programa\u00e7\u00e3o de filmes na TV<\/a><\/p>\n","protected":false},"excerpt":{"rendered":"<p>Filmes na TV aberta. Filmes da Globo, Band, SBT, Record Programa\u00e7\u00e3o da Semana de Filmes na TV Segunda &#8211; Ter\u00e7a &#8211; Quarta &#8211; Quinta &#8211; Sexta &#8211; S\u00e1bado &#8211; Domingo Sess\u00e3o da Tarde Novidades na Netflix Fim de semana \u00daltimas not\u00edcias publicadas \u00daltimas not\u00edcias das novelas Consulte a classifica\u00e7\u00e3o indicativa dos filmes Programa\u00e7\u00e3o de filmes&#8230;<\/p>\n","protected":false},"author":1,"featured_media":26575,"parent":0,"menu_order":1,"comment_status":"closed","ping_status":"closed","template":"","meta":{"_monsterinsights_skip_tracking":false,"_monsterinsights_sitenote_active":false,"_monsterinsights_sitenote_note":"","_monsterinsights_sitenote_category":0,"magazine_newspaper_sidebar_layout":"","footnotes":"","_wp_rev_ctl_limit":""},"class_list":["post-6","page","type-page","status-publish","has-post-thumbnail","hentry"],"aioseo_notices":[],"_hostinger_reach_plugin_has_subscription_block":false,"_hostinger_reach_plugin_is_elementor":false,"jetpack_shortlink":"https:\/\/wp.me\/PcO6EW-6","jetpack_sharing_enabled":true,"_links":{"self":[{"href":"https:\/\/tvnovelas.com.br\/filmes\/wp-json\/wp\/v2\/pages\/6","targetHints":{"allow":["GET"]}}],"collection":[{"href":"https:\/\/tvnovelas.com.br\/filmes\/wp-json\/wp\/v2\/pages"}],"about":[{"href":"https:\/\/tvnovelas.com.br\/filmes\/wp-json\/wp\/v2\/types\/page"}],"author":[{"embeddable":true,"href":"https:\/\/tvnovelas.com.br\/filmes\/wp-json\/wp\/v2\/users\/1"}],"replies":[{"embeddable":true,"href":"https:\/\/tvnovelas.com.br\/filmes\/wp-json\/wp\/v2\/comments?post=6"}],"version-history":[{"count":3,"href":"https:\/\/tvnovelas.com.br\/filmes\/wp-json\/wp\/v2\/pages\/6\/revisions"}],"predecessor-version":[{"id":26509,"href":"https:\/\/tvnovelas.com.br\/filmes\/wp-json\/wp\/v2\/pages\/6\/revisions\/26509"}],"wp:featuredmedia":[{"embeddable":true,"href":"https:\/\/tvnovelas.com.br\/filmes\/wp-json\/wp\/v2\/media\/26575"}],"wp:attachment":[{"href":"https:\/\/tvnovelas.com.br\/filmes\/wp-json\/wp\/v2\/media?parent=6"}],"curies":[{"name":"wp","href":"https:\/\/api.w.org\/{rel}","templated":true}]}}